{"id":479,"date":"2009-07-01T22:22:21","date_gmt":"2009-07-01T21:22:21","guid":{"rendered":"http:\/\/sickel.net\/blogg\/?page_id=479"},"modified":"2011-01-13T11:22:36","modified_gmt":"2011-01-13T09:22:36","slug":"garasjetaksfestivalen-2009","status":"publish","type":"page","link":"http:\/\/sickel.net\/blogg\/?page_id=479","title":{"rendered":"Garasjetaksfestivalen 2009"},"content":{"rendered":"<p>Det gikk helt fantastisk!<\/p>\n<p>Og noen dager senere er jeg fortsatt rimelig euforisk med tanken p\u00e5 hva vi fikk til<\/p>\n<p>Festivalen har blitt planlagt for nesten et \u00e5r, det vil si, for det meste har jeg ikke arbeidet s\u00e5 mye med det, det har bare snurret omkring litt i bakhodet. Siste uken ordnet alt seg, ikke minst takket v\u00e6re Hanne som tok seg av alle de ikke-musikkrelaterte, om enn essensielle tingene.<\/p>\n<p>Scenen blir satt opp &#8211; utsikt fra bak miksebordet<br \/>\n<img decoding=\"async\" width=600 src=\"http:\/\/lh3.ggpht.com\/_ZUDcm_rgy6c\/Skkuj5ha7II\/AAAAAAAAAj4\/q5rXwB3dvvw\/s512\/IMGP0083.JPG\"\/><\/p>\n<p>Soundcheck:<\/p>\n<p><img decoding=\"async\" width=600 src=\"http:\/\/lh3.ggpht.com\/_ZUDcm_rgy6c\/Skkuu-5ecRI\/AAAAAAAAAkE\/_O_qXaOI5r8\/s800\/IMGP0089.JPG\" \/><\/p>\n<p>Scenen er klar:<\/p>\n<p><img src=http:\/\/lh6.ggpht.com\/_ZUDcm_rgy6c\/Skku41YNYOI\/AAAAAAAAAkU\/APXt0TE4fqY\/s800\/IMGP0095.JPG width=600\/><\/p>\n<p>M\u00f8 p\u00e5 scenen<br \/><img decoding=\"async\" width=600 src=\"http:\/\/lh6.ggpht.com\/_ZUDcm_rgy6c\/SkkvAfyv-5I\/AAAAAAAAAkc\/0W-8gIz8nAg\/s800\/IMGP0097.JPG\" \/><\/p>\n<p><img decoding=\"async\" width=600 src=\"http:\/\/lh6.ggpht.com\/_ZUDcm_rgy6c\/SkkvDQjbumI\/AAAAAAAAAkg\/RrLx8Xi89M4\/s512\/IMGP0098.JPG\" \/><\/p>\n<p>Fritidsordningen med et par gjester:<br \/><img decoding=\"async\" width=600 src=\"http:\/\/lh6.ggpht.com\/_ZUDcm_rgy6c\/SkkvZSrzf9I\/AAAAAAAAAlA\/gQMaFJ2FVVo\/s800\/IMGP0107.JPG\" \/> (Fritidsordningen er de to gitaristene p\u00e5 venstre side og bassisten helt ute til h\u00f8yre)<\/p>\n<p>Festivalens kuleste bassist:<br \/><img decoding=\"async\" src=\"http:\/\/lh6.ggpht.com\/_ZUDcm_rgy6c\/SkkwFOF4CuI\/AAAAAAAAAmA\/lCBVVVmXL2Y\/s512\/IMG_0268.JPG\" width=600\/><\/p>\n<p>Sist, og h\u00f8yest: The Lehman Brothers: (Da var det en niese med mobil som tok bilder, alle andre var opptatt med \u00e5 danse )<\/p>\n<p><img src=http:\/\/lh5.ggpht.com\/_ZUDcm_rgy6c\/SkkUY8oY3fI\/AAAAAAAAAhg\/b1ewhGLfq9c\/s640\/DSC01059.JPG width=600\/><\/p>\n<p>Og etterp\u00e5 fortsatte jammen langt inn i den lyse morgen:<\/p>\n<p><img src=http:\/\/lh3.ggpht.com\/_ZUDcm_rgy6c\/SkknDk43q_I\/AAAAAAAAAiw\/WgGIwjqOTbg\/s800\/IMGP0116.JPG width=600\/><\/p>\n<p><img src=http:\/\/lh3.ggpht.com\/_ZUDcm_rgy6c\/SkknF0aG1EI\/AAAAAAAAAi4\/-lPSSOGNg3A\/s800\/IMGP0119.JPG width=600\/><\/p>\n<p>Flere bilder p\u00e5 <a href=http:\/\/picasaweb.google.com\/morten.sickel\/Garasjetaksfestivalen#>Picasa<\/a><\/p>\n<p>Planlegging og booking for neste \u00e5rs festival er allerede i gang.<\/p>\n<hr \/>\n<p>Annonsering:<\/p>\n<p>Den 27. juni 2009 arrangeres garasjetaksfestivalen i Dr\u00f8bak. <\/p>\n<p>F\u00f8lgende band er booket:<\/p>\n<ul>\n<li><a href=\"http:\/\/home.c2i.net\/krokvollen\/fo.html\">Fritidsordningen med venner og gjester<\/a><\/li>\n<li>Countryduoen M\u00f8<\/li>\n<li><a href=\"http:\/\/birmabright.net\">The Lehman Brothers (i ettertid skiftet navn til Birma Bright)<\/a><\/li>\n<\/ul>\n<p>F\u00f8rste band g\u00e5r p\u00e5 ca kl 19:30 og vi regner med \u00e5 avslutte ca til kl 23.<\/p>\n<p>NB: Oppdaterte tider.<\/p>\n<p>Vi kommer til \u00e5 sette fram flere store griller, s\u00e5 m\u00e5 publikumerene ha med det de \u00f8nsker \u00e5 sette til livs i l\u00f8pet av kvelden selv. <\/p>\n","protected":false},"excerpt":{"rendered":"<p>Det gikk helt fantastisk! Og noen dager senere er jeg fortsatt rimelig euforisk med tanken p\u00e5 hva vi fikk til Festivalen har blitt planlagt for nesten et \u00e5r, det vil si, for det meste har jeg ikke arbeidet s\u00e5 mye &hellip; <a href=\"http:\/\/sickel.net\/blogg\/?page_id=479\">Continue reading <span class=\"meta-nav\">&rarr;<\/span><\/a><\/p>\n","protected":false},"author":2,"featured_media":0,"parent":173,"menu_order":0,"comment_status":"open","ping_status":"open","template":"","meta":{"jetpack_post_was_ever_published":false,"footnotes":""},"class_list":["post-479","page","type-page","status-publish","hentry"],"jetpack_shortlink":"https:\/\/wp.me\/PnVtD-7J","jetpack_sharing_enabled":true,"jetpack_likes_enabled":true,"jetpack-related-posts":[],"_links":{"self":[{"href":"http:\/\/sickel.net\/blogg\/index.php?rest_route=\/wp\/v2\/pages\/479","targetHints":{"allow":["GET"]}}],"collection":[{"href":"http:\/\/sickel.net\/blogg\/index.php?rest_route=\/wp\/v2\/pages"}],"about":[{"href":"http:\/\/sickel.net\/blogg\/index.php?rest_route=\/wp\/v2\/types\/page"}],"author":[{"embeddable":true,"href":"http:\/\/sickel.net\/blogg\/index.php?rest_route=\/wp\/v2\/users\/2"}],"replies":[{"embeddable":true,"href":"http:\/\/sickel.net\/blogg\/index.php?rest_route=%2Fwp%2Fv2%2Fcomments&post=479"}],"version-history":[{"count":7,"href":"http:\/\/sickel.net\/blogg\/index.php?rest_route=\/wp\/v2\/pages\/479\/revisions"}],"predecessor-version":[{"id":484,"href":"http:\/\/sickel.net\/blogg\/index.php?rest_route=\/wp\/v2\/pages\/479\/revisions\/484"}],"up":[{"embeddable":true,"href":"http:\/\/sickel.net\/blogg\/index.php?rest_route=\/wp\/v2\/pages\/173"}],"wp:attachment":[{"href":"http:\/\/sickel.net\/blogg\/index.php?rest_route=%2Fwp%2Fv2%2Fmedia&parent=479"}],"curies":[{"name":"wp","href":"https:\/\/api.w.org\/{rel}","templated":true}]}}