{"id":173,"date":"2008-08-18T11:29:43","date_gmt":"2008-08-18T10:29:43","guid":{"rendered":"http:\/\/sickel.net\/blogg\/?page_id=173"},"modified":"2013-05-27T21:37:21","modified_gmt":"2013-05-27T19:37:21","slug":"garasjetaksfestivalen","status":"publish","type":"page","link":"http:\/\/sickel.net\/blogg\/?page_id=173","title":{"rendered":"Garasjetaksfestivalen"},"content":{"rendered":"<p>Det er et oddetalls\u00e5r igjen og ny garasjetaksfestival p\u00e5 gang. 22.juni denne gangen &#8211; f\u00f8rste l\u00f8rdag etter skoleferiestart. <\/p>\n<p>I \u00e5r har vi booket<\/p>\n<p><a href=\"https:\/\/www.facebook.com\/pages\/Kolbergs-Mek\/197175025714\">Kolberg&#8217;s mek<\/a><br \/>\n<a href=\"http:\/\/www.myspace.com\/fleamarketband\">Flea Market<\/a><br \/>\nog<br \/>\nFritidsordningen<\/p>\n<p>S\u00e5 det blir rock, bluegrasspunk og latinjazz p\u00e5 programmet.  I tillegg kommer det nok noen overraskelser og vi regner med at det blir nattjam.<\/p>\n<p>Noen videoer fra <a href=\"http:\/\/www.youtube.com\/results?search_query=garasjetaksfestivalen\">Garasjetaksfestivalen 2011<\/a><\/p>\n<p>Garasjetaksfestivalen 2009 ble gjennomf\u00f8rt 27. juni. Mere <a href=\"http:\/\/sickel.net\/blogg\/?page_id=479\">her<\/a>.<\/p>\n","protected":false},"excerpt":{"rendered":"<p>Det er et oddetalls\u00e5r igjen og ny garasjetaksfestival p\u00e5 gang. 22.juni denne gangen &#8211; f\u00f8rste l\u00f8rdag etter skoleferiestart. I \u00e5r har vi booket Kolberg&#8217;s mek Flea Market og Fritidsordningen S\u00e5 det blir rock, bluegrasspunk og latinjazz p\u00e5 programmet. I tillegg &hellip; <a href=\"http:\/\/sickel.net\/blogg\/?page_id=173\">Continue reading <span class=\"meta-nav\">&rarr;<\/span><\/a><\/p>\n","protected":false},"author":2,"featured_media":0,"parent":763,"menu_order":0,"comment_status":"open","ping_status":"open","template":"","meta":{"footnotes":""},"class_list":["post-173","page","type-page","status-publish","hentry"],"jetpack_shortlink":"https:\/\/wp.me\/PnVtD-2N","jetpack_sharing_enabled":true,"jetpack_likes_enabled":true,"jetpack-related-posts":[],"_links":{"self":[{"href":"http:\/\/sickel.net\/blogg\/index.php?rest_route=\/wp\/v2\/pages\/173","targetHints":{"allow":["GET"]}}],"collection":[{"href":"http:\/\/sickel.net\/blogg\/index.php?rest_route=\/wp\/v2\/pages"}],"about":[{"href":"http:\/\/sickel.net\/blogg\/index.php?rest_route=\/wp\/v2\/types\/page"}],"author":[{"embeddable":true,"href":"http:\/\/sickel.net\/blogg\/index.php?rest_route=\/wp\/v2\/users\/2"}],"replies":[{"embeddable":true,"href":"http:\/\/sickel.net\/blogg\/index.php?rest_route=%2Fwp%2Fv2%2Fcomments&post=173"}],"version-history":[{"count":35,"href":"http:\/\/sickel.net\/blogg\/index.php?rest_route=\/wp\/v2\/pages\/173\/revisions"}],"predecessor-version":[{"id":1610,"href":"http:\/\/sickel.net\/blogg\/index.php?rest_route=\/wp\/v2\/pages\/173\/revisions\/1610"}],"up":[{"embeddable":true,"href":"http:\/\/sickel.net\/blogg\/index.php?rest_route=\/wp\/v2\/pages\/763"}],"wp:attachment":[{"href":"http:\/\/sickel.net\/blogg\/index.php?rest_route=%2Fwp%2Fv2%2Fmedia&parent=173"}],"curies":[{"name":"wp","href":"https:\/\/api.w.org\/{rel}","templated":true}]}}