{"id":166,"date":"2008-03-03T20:37:10","date_gmt":"2008-03-03T19:37:10","guid":{"rendered":"http:\/\/sickel.net\/blogg\/?page_id=166"},"modified":"2010-06-21T11:09:50","modified_gmt":"2010-06-21T09:09:50","slug":"mysjkin","status":"publish","type":"page","link":"http:\/\/sickel.net\/blogg\/?page_id=166","title":{"rendered":"Mysjkin"},"content":{"rendered":"\n<p>Det sies jo at norske kj\u00e6ledyr f\u00e5r mere og bedre mat enn hva sv\u00e6rt \tmange mennesker f\u00e5r. Jeg har aldri h\u00f8rt p\u00e5standen, men vil tro at det samme gjelder for informasjonsteknologi, at det er en h\u00f8yere tetthet av hjemmesider for norske kj\u00e6ledyr enn for store befolkningsgrupper.  For all del, mangel p\u00e5 nok og riktig mat er et <em>mye<\/em> st\u00f8rre problem enn mangel p\u00e5 hjemmeside og det som kalles for &#8220;The Digital Divide&#8221; burde jo bare hett The Divide. Men allikevel, n\u00e5 har \tMysjkin blitt nettkatt eller kanskje er det bare et skalkeskjul for mine filosoferinger.   <\/p>\n<p><a href=\"http:\/\/www.blakjak.demon.co.uk\/cat_code.htm\">catcode:<\/a><br \/>\n      Mysjkin: DS B C Y L+ W+ C+++(-) I T++ A- E H+++ S V++ F+ Q++ P++\/- B+ PA PL- <\/p>\n<p>Han er en stort sett sv\u00e6rt lykkelig <a ref=\"http:\/\/www.rolfsteinar.net\/katt\/index.html#antibleke\">svart<\/a> forhenv\u00e6rende hankatt (betyr en svart katt med 13 hvite h\u00e5r mer ulykke enn en helt svart en?) Vel, han har for det meste bare skaffet oss lykke siden han flyttet inn som et snaut \u00e5r gammel i mars 1997.\n      <\/p>\n<p>Han er <a href=\"http:\/\/www.flippyscatpage.com\/catnames.html#index\"> \t  oppkalt<\/a> etter hovedpersonen i Dostovjevskis &#8216;Idioten&#8217;. De som har lest boken, vet at en slik oppkalling ikke er ment som noen forn\u00e6rmelse. Det jeg imidlertid ikke visste, var at Mysjkin<br \/>\n(&#1052;&#1099;&#1096;&#1082;&#1080;&#1085;) p\u00e5 russisk betyr &#038;#39&#8217;Den som likner p\u00e5 en mus&#39;. Vel, kanskje derfor han er s\u00e5 god jeger&#8230; <\/p>\n<p>Her er han imidlertid i et relativt slapt hum\u00f8r:<\/p>\n<p><img decoding=\"async\" src=\"\/mysjkin\/mysjkin.jpg\" alt=\"katten i stolen\" class=\"nofloat\" \/><\/p>\n<p>Han vet \u00e5 tilegne seg den oppmerksomheten som han mener  han har krav p\u00e5:<\/p>\n<p><img decoding=\"async\" src=\"\/mysjkin\/rsqv_021.jpg\" alt=\"Mysjkin foran PCen\" class=\"nofloat\"\/><\/p>\n<p>\u00c5 mate fugler n\u00e5r man har katt, er jo indirekte \u00e5 mate katten, s\u00e5 i l\u00f8pet av \u00e5rene han har bodd her, har det blitt f\u00e6rre sm\u00e5fugler og han desimert ekornbestanden fullstendig, Men vi er villige til \u00e5 tilgi  ham det, siden musene i kjelleren og jordrottene i plenen har lidd samme skjebne. N\u00e5r det gjelder rotter, bedriver han tilsynelatende  b\u00e6rekraftig \t ressursforvaltning, han vet nok  at om han spiser opp alle, blir all moroa borte.  <\/p>\n<h2>Hyttekatt<\/h2>\n<p>Han liker \u00e5 v\u00e6re med til Sjusj\u00f8en<\/p>\n<p><img decoding=\"async\" src=\"\/mysjkin\/Mysjkin_Hytta.jpg\" alt=\"Mysjkin p\u00e5 hytta\" \/> <\/p>\n<p>om enn han ikke setter s\u00e6rlig pris p\u00e5 reisen. Pus i bur &#8211; alltid sur. <\/p>\n<p>Men det er litt kaldt \u00e5 spise mat ute i sn\u00f8en<\/p>\n<p><a href=\"\/bilder\/potespor.jpg\"><img decoding=\"async\" width=\"400\" src=\"\/bilder\/potespor.jpg\" \/><\/a><\/p>\n<h2>Frustrert<\/h2>\n<p>N\u00e5 om dagen (21. nov 2004) er han dypt frustrert. Han har f\u00e5tt et dypt s\u00e5r i den store tredeputen p\u00e5 h\u00f8yre forpote og m\u00e5 g\u00e5 inne med  forbinding og krage. han har fortsatt vondt for \u00e5 tr\u00e5 p\u00e5 labben og han pr\u00f8ver \u00e5 slikke seg p\u00e5 kroppen, men ender opp med \u00e5 slikke p\u00e5 innsiden av kragen.\n      <\/p>\n<h2>Frisk igjen!<\/h2>\n<p>Etter  noen dager, kunne han g\u00e5 fint p\u00e5 foten igjen, og etter to  frustrerende uker fikk han fjernet stingene og fikk av seg kragen. Han er en lykkelig utepus igjen.  <\/p>\n<h2>Jubileum!<\/h2>\n<p>I dag, p\u00e5 kvinnedagen, 8.mars 2005, er det akkuart 8 \u00e5r siden han dukket opp hos \toss! Tiden flyr! Forresten, forleden observerte jegt noen hvite h\u00e5r p\u00e5 nese-, unnskyld snuteryggen hans. Han er ikke helt ung lenger&#8230; Ikke det, jeg skal vel v\u00e6re rimelig forsiktig med \u00e5 si noe om hva det tyder p\u00e5 at man f\u00e5r hvite h\u00e5r&#8230;<\/p>\n","protected":false},"excerpt":{"rendered":"<p>Det sies jo at norske kj\u00e6ledyr f\u00e5r mere og bedre mat enn hva sv\u00e6rt mange mennesker f\u00e5r. Jeg har aldri h\u00f8rt p\u00e5standen, men vil tro at det samme gjelder for informasjonsteknologi, at det er en h\u00f8yere tetthet av hjemmesider for &hellip; <a href=\"http:\/\/sickel.net\/blogg\/?page_id=166\">Continue reading <span class=\"meta-nav\">&rarr;<\/span><\/a><\/p>\n","protected":false},"author":2,"featured_media":0,"parent":769,"menu_order":0,"comment_status":"open","ping_status":"open","template":"","meta":{"jetpack_post_was_ever_published":false,"footnotes":""},"class_list":["post-166","page","type-page","status-publish","hentry"],"jetpack_shortlink":"https:\/\/wp.me\/PnVtD-2G","jetpack_sharing_enabled":true,"jetpack_likes_enabled":true,"jetpack-related-posts":[],"_links":{"self":[{"href":"http:\/\/sickel.net\/blogg\/index.php?rest_route=\/wp\/v2\/pages\/166","targetHints":{"allow":["GET"]}}],"collection":[{"href":"http:\/\/sickel.net\/blogg\/index.php?rest_route=\/wp\/v2\/pages"}],"about":[{"href":"http:\/\/sickel.net\/blogg\/index.php?rest_route=\/wp\/v2\/types\/page"}],"author":[{"embeddable":true,"href":"http:\/\/sickel.net\/blogg\/index.php?rest_route=\/wp\/v2\/users\/2"}],"replies":[{"embeddable":true,"href":"http:\/\/sickel.net\/blogg\/index.php?rest_route=%2Fwp%2Fv2%2Fcomments&post=166"}],"version-history":[{"count":1,"href":"http:\/\/sickel.net\/blogg\/index.php?rest_route=\/wp\/v2\/pages\/166\/revisions"}],"predecessor-version":[{"id":771,"href":"http:\/\/sickel.net\/blogg\/index.php?rest_route=\/wp\/v2\/pages\/166\/revisions\/771"}],"up":[{"embeddable":true,"href":"http:\/\/sickel.net\/blogg\/index.php?rest_route=\/wp\/v2\/pages\/769"}],"wp:attachment":[{"href":"http:\/\/sickel.net\/blogg\/index.php?rest_route=%2Fwp%2Fv2%2Fmedia&parent=166"}],"curies":[{"name":"wp","href":"https:\/\/api.w.org\/{rel}","templated":true}]}}