{"id":128,"date":"2007-07-18T13:42:03","date_gmt":"2007-07-18T12:42:03","guid":{"rendered":"http:\/\/sickel.net\/blogg\/?page_id=128"},"modified":"2010-06-21T11:08:05","modified_gmt":"2010-06-21T09:08:05","slug":"fussped%c3%b8lene","status":"publish","type":"page","link":"http:\/\/sickel.net\/blogg\/?page_id=128","title":{"rendered":"Fussped\u00f8lene"},"content":{"rendered":"<p>Lars og Morten gir av og til lyd fra seg i duoformat, dersom dette krever et bandnavn, stiller vi opp som Fussped\u00f8lene, hvilket antyder v\u00e5r herkomst fra, ja nettopp, den dalen&#8230; Eller er det kanskje <a href=\"http:\/\/www.snertingdal.no\">en annen dal<\/a>. <\/p>\n<p><img decoding=\"async\" src=\"\/bilder\/fest0510.jpg\" alt=\"Fussped\u00f8lene, Morten og Lars\" \/><\/p>\n<p>Musikken g\u00e5r i noe egenprodusert (Lars) og ellers Dylan, Beatles, Waits, De Lillos og annet som vi liker og som  det g\u00e5r an \u00e5 gj\u00f8re noe fornuftig ut av p\u00e5 gitar og bass. Med andre ord, et kvalitetssikret utvalg av popul\u00e6rmusikk fra de siste dr\u00f8yt 40 \u00e5rene. (Eller var det et popul\u00e6rsikret utvalg av kvalitetsmusikk?)\n<\/p>\n<p>F\u00f8rste l\u00f8rdag i advent 2008 skal fussped\u00f8lene ut og spille p\u00e5 Valdres G\u00e5rdsbryggeri.<\/p>\n<p>Tredje l\u00f8rdag i advent 2006, debuterte <a href=\"http:\/\/home.c2i.net\/krokvollen\/\">Jens<\/a> og Fussped\u00f8lene p\u00e5 Tangen pub i Sandvika med v\u00e5rt program fra et noe forstrukket 60-tall. Beatles, Dylan, Creedence, noen jazzstandarder og noen nyere ting. Denslags gir medsmak!<\/p>\n<h2>Sonette<\/h2>\n<p>Til julen 2006 fikk fussped\u00f8lene sin egen <a href=http:\/\/no.wikipedia.org\/wiki\/Metrikk>sonette<\/a> av Jens:<\/p>\n<pre>\r\n(God jul til Hanne, jentene og Morten\r\nog Lars har f\u00e5tt kopi av samme sorten)\r\n\r\nFortellingen om fussped\u00f8lene\r\n\r\nTo br\u00f8dre fant et eget univers\r\nen deilig dal med vakre ville vekster.\r\nHer gror oktav og kvint og kvart og ters\r\nsamt hele klodens toner, takt og tekster.\r\nHit kommer Bob og Tom og Ray og Paul\r\nog Lars og \u00d8ystein, Lillebj\u00f8rn og Django.\r\nMusikken flammer opp som i et b\u00e5l-\r\nDet klinger i ballader rock og tango.\r\nPiano, munnspill, bass en tylft gitarer\r\nsamt stemmer og en dose godt hum\u00f8r:\r\nSlik takler disse br\u00f8dre verdens farer\r\nog tar med gleden hjem bak lukket d\u00f8r.\r\n\tDe sprer musikk i stue og i sal.\r\n\tDe fant sitt Shangri-la i Fusspedal.\r\n<\/pre>\n<p>Og stort bedre kan det vel knapt sies.<\/p>\n<h2>The Lehman Brothers<\/h2>\n<p>Fussped\u00f8lene med Tor Inge p\u00e5 rytmegitar og Christian p\u00e5 trommer utgj\u00f8r bandet <a href=http:\/\/birmabright.net>Birma Bright<\/a>.<\/p>\n","protected":false},"excerpt":{"rendered":"<p>Lars og Morten gir av og til lyd fra seg i duoformat, dersom dette krever et bandnavn, stiller vi opp som Fussped\u00f8lene, hvilket antyder v\u00e5r herkomst fra, ja nettopp, den dalen&#8230; Eller er det kanskje en annen dal. Musikken g\u00e5r &hellip; <a href=\"http:\/\/sickel.net\/blogg\/?page_id=128\">Continue reading <span class=\"meta-nav\">&rarr;<\/span><\/a><\/p>\n","protected":false},"author":2,"featured_media":0,"parent":763,"menu_order":0,"comment_status":"open","ping_status":"open","template":"","meta":{"jetpack_post_was_ever_published":false,"footnotes":""},"class_list":["post-128","page","type-page","status-publish","hentry"],"jetpack_shortlink":"https:\/\/wp.me\/PnVtD-24","jetpack_sharing_enabled":true,"jetpack_likes_enabled":true,"jetpack-related-posts":[],"_links":{"self":[{"href":"http:\/\/sickel.net\/blogg\/index.php?rest_route=\/wp\/v2\/pages\/128","targetHints":{"allow":["GET"]}}],"collection":[{"href":"http:\/\/sickel.net\/blogg\/index.php?rest_route=\/wp\/v2\/pages"}],"about":[{"href":"http:\/\/sickel.net\/blogg\/index.php?rest_route=\/wp\/v2\/types\/page"}],"author":[{"embeddable":true,"href":"http:\/\/sickel.net\/blogg\/index.php?rest_route=\/wp\/v2\/users\/2"}],"replies":[{"embeddable":true,"href":"http:\/\/sickel.net\/blogg\/index.php?rest_route=%2Fwp%2Fv2%2Fcomments&post=128"}],"version-history":[{"count":9,"href":"http:\/\/sickel.net\/blogg\/index.php?rest_route=\/wp\/v2\/pages\/128\/revisions"}],"predecessor-version":[{"id":765,"href":"http:\/\/sickel.net\/blogg\/index.php?rest_route=\/wp\/v2\/pages\/128\/revisions\/765"}],"up":[{"embeddable":true,"href":"http:\/\/sickel.net\/blogg\/index.php?rest_route=\/wp\/v2\/pages\/763"}],"wp:attachment":[{"href":"http:\/\/sickel.net\/blogg\/index.php?rest_route=%2Fwp%2Fv2%2Fmedia&parent=128"}],"curies":[{"name":"wp","href":"https:\/\/api.w.org\/{rel}","templated":true}]}}