{"id":1233,"date":"2012-02-05T12:44:18","date_gmt":"2012-02-05T10:44:18","guid":{"rendered":"http:\/\/sickel.net\/blogg\/?page_id=1233"},"modified":"2012-02-05T13:23:02","modified_gmt":"2012-02-05T11:23:02","slug":"kyrillisk-quick-and-dirty","status":"publish","type":"page","link":"http:\/\/sickel.net\/blogg\/?page_id=1233","title":{"rendered":"Kyrillisk quick and dirty"},"content":{"rendered":"<p>De fleste som kommer for f\u00f8rste gang til Russland (eller et annet land med et annet alfabet), f\u00e5r en f\u00f8lelse av et akutt anfall av analfabetisme, men oppbyggingen av det kyrilliske alfabetet er temmelig lik v\u00e5rt eget, og med litt systematisering, er det ikke vanskelig \u00e5 l\u00e6re. Noen av tegnene er sv\u00e6rt like greske bokstaver og &#8216;realist&#8217;-greskkunnskap gir en del ekstra gratis tegn (og de som kan Gresk ser kanskje enda mer). Med unntak for \u0410 og \u0415 (\u0430 og \u0435), ser sm\u00e5 bokstaver ut som mindre utgaver av de store.<\/p>\n<p>Tegnene er gruppert for \u00e5 kunne assossieres lettere, det kyrilliske tegnet &#8216;\u0420&#8217; er plassert i to grupper.<\/p>\n<p>Det finnes ingen kyrilliske tegn som uttales som norsk &#8216;H&#8217;. For transkripsjon i forbindelse med navn, brukes som regel \u0425, eventuelt \u0413.<\/p>\n<p>Spesielt for vokalene kan uttalen variere mye etter blant annet trykket p\u00e5 stavelsen. Det er mulig at det er noen overforenklinger her, men hensikten med denne siden er ikke et fullstendig russiskkurs, men et hjelpemiddel for \u00e5 kunne avskaffe den v\u00e6rste ordblindheten. (Dersom noe her er direkte feil, er jeg selvf\u00f8lgelig takknemmelig for korreksjon.) Hvis noen kan liste tegn som brukes i kyrillisk i andre spr\u00e5k (Serbisk, Bulgarsk) vil jeg sette inn dem ogs\u00e5.<\/p>\n<h2>Grupper av tegn<\/h2>\n<p>   <strong> Lett:<\/strong> Tegn som er de samme fra latin og kyrillisk<br \/>\n        \u0410, \u0415, \u041a, \u041c, \u041e, \u0422<br \/>\n    <strong>Fare!<\/strong> Tegn som er like men har forskjellig uttale<br \/>\n        \u0412, \u0420, \u041d, \u0423, \u0425, \u0421 (v, r, n, u, kh, s)<br \/>\n    <strong>For realister og teologer<\/strong>: Tegn fra gresk<br \/>\n        \u0413, \u0414, \u041b, \u041f, \u0420, \u0424 (g, d, l, p, r, f)<br \/>\n    <strong>S\u00e6rt: <\/strong>&#8216;Rare&#8217; tegn<br \/>\n        \u0411, \u0418, \u0419, \u042b, \u042d, \u042e, \u042f (v, i, j, y e, io, ja)<br \/>\n    <strong>Mysjtizk:<\/strong> &#8216;Rare tegn&#8217; med uttale n\u00e6r &#8216;sj&#8217;. For leseforst\u00e5else er det i f\u00f8rste omgang ikke n\u00f8dvendig \u00e5 klare \u00e5 skille mellom disse<br \/>\n        \u0416, \u0417, \u0426, \u0427, \u0428, \u0429 (dzj, z, ts, tsj, sj sjtsj)<br \/>\n    <strong>Stumme tegn<\/strong><br \/>\n        \u042a, \u042c (hard, bl\u00f8t) Gir henholdsvis hard og bl\u00f8t uttale av tegnet foran. \u042a brukes skjelden.<\/p>\n<h2>Hele alfabetet<\/h2>\n<table>\n<tr>\n<th>Kyrillisk<\/th>\n<th>Latin og evt.kommentar<\/th>\n<th>HTMLcode<\/th>\n<\/tr>\n<tr>\n<td>\u0410 \u0430<\/td>\n<td>a<\/td>\n<td>&amp;#1040;<\/td>\n<\/tr>\n<tr>\n<td>\u0411 \u0431<\/td>\n<td>b<\/td>\n<td>&amp;#1041;<\/td>\n<\/tr>\n<tr>\n<td>\u0412 \u0432<\/td>\n<td>v<\/td>\n<td>&amp;#1042;<\/td>\n<\/tr>\n<tr>\n<td>\u0413 \u0433<\/td>\n<td>g<\/td>\n<td>&amp;#1043;<\/td>\n<\/tr>\n<tr>\n<td>\u0414 \u0434<\/td>\n<td>d<\/td>\n<td>&amp;#1044;<\/td>\n<\/tr>\n<tr>\n<td>\u0415 \u0435<\/td>\n<td>e &#8211; je etter vokal eller f\u00f8rst i ord<\/td>\n<td>&amp;#1045;<\/td>\n<\/tr>\n<tr>\n<td>\u0401 \u0451<\/td>\n<td>\u00e5\tofte som j\u00e5<\/td>\n<td>&amp;#1045;<\/td>\n<\/tr>\n<tr>\n<td>\u0416 \u0436<\/td>\n<td>dj\tSom engelsk j<\/td>\n<td>&amp;#1046;<\/td>\n<\/tr>\n<tr>\n<td>\u0417 \u0437<\/td>\n<td>z<\/td>\n<td>&amp;#1047;<\/td>\n<\/tr>\n<tr>\n<td>\u0418 \u0438<\/td>\n<td>i<\/td>\n<td>&amp;#1048;<\/td>\n<\/tr>\n<tr>\n<td>\u0419 \u0439<\/td>\n<td>j<\/td>\n<td>&amp;#1049;<\/td>\n<\/tr>\n<tr>\n<td>\u041a \u043a<\/td>\n<td>k<\/td>\n<td>&amp;#1050;<\/td>\n<\/tr>\n<tr>\n<td>\u041b \u043b<\/td>\n<td>l<\/td>\n<td>&amp;#1051;<\/td>\n<\/tr>\n<tr>\n<td>\u041c \u043c<\/td>\n<td>m<\/td>\n<td>&amp;#1052;<\/td>\n<\/tr>\n<tr>\n<td>\u041d \u043d<\/td>\n<td>n<\/td>\n<td>&amp;#1053;<\/td>\n<\/tr>\n<tr>\n<td>\u041e \u043e<\/td>\n<td>o\t~a n\u00e5r trykklett<\/td>\n<td>&amp;#1054;<\/td>\n<\/tr>\n<tr>\n<td>\u041f \u043f<\/td>\n<td>p<\/td>\n<td>&amp;#1055;<\/td>\n<\/tr>\n<tr>\n<td>\u0420 \u0440<\/td>\n<td>r<\/td>\n<td>&amp;#1056;<\/td>\n<\/tr>\n<tr>\n<td>\u0421 \u0441<\/td>\n<td>s<\/td>\n<td>&amp;#1057;<\/td>\n<\/tr>\n<tr>\n<td>\u0422 \u0442<\/td>\n<td>t\tKursiv eller h\u00e5ndskrevet likner p\u00e5 m.<\/td>\n<td>&amp;#1058;<\/td>\n<\/tr>\n<tr>\n<td>\u0423 \u0443<\/td>\n<td>u<\/td>\n<td>&amp;#1059;<\/td>\n<\/tr>\n<tr>\n<td>\u0424 \u0444<\/td>\n<td>f<\/td>\n<td>&amp;#1060;<\/td>\n<\/tr>\n<tr>\n<td>\u0425 \u0445<\/td>\n<td>kh (Strupelyd)<\/td>\n<td>&amp;#1061;<\/td>\n<\/tr>\n<tr>\n<td>\u0426 \u0446<\/td>\n<td>ts<\/td>\n<td>&amp;#1062;<\/td>\n<\/tr>\n<tr>\n<td>\u0427 \u0447<\/td>\n<td>tsj<\/td>\n<td>&amp;#1063;<\/td>\n<\/tr>\n<tr>\n<td>\u0428 \u0448<\/td>\n<td>sj<\/td>\n<td>&amp;#1064;<\/td>\n<\/tr>\n<tr>\n<td>\u0429 \u0449<\/td>\n<td>sjtsj<\/td>\n<td>&amp;#1065;<\/td>\n<\/tr>\n<tr>\n<td>\u042a \u044a<\/td>\n<td>&#8220;hard&#8221;<\/td>\n<td>&amp;#1066;<\/td>\n<\/tr>\n<tr>\n<td>\u042b \u044b<\/td>\n<td>y<\/td>\n<td>&amp;#1067;<\/td>\n<\/tr>\n<tr>\n<td>\u042c \u044c<\/td>\n<td>&#8220;bl\u00f8t&#8221;<\/td>\n<td>&amp;#1068;<\/td>\n<\/tr>\n<tr>\n<td>\u042d \u044d<\/td>\n<td>e<\/td>\n<td>&amp;#1069;<\/td>\n<\/tr>\n<tr>\n<td>\u042e \u044e<\/td>\n<td>jo<\/td>\n<td>&amp;#1070;<\/td>\n<\/tr>\n<tr>\n<td>\u042f \u044f<\/td>\n<td>ja<\/td>\n<td>&amp;#1071;<\/td>\n<\/tr>\n<\/table>\n<p>HTML-koder er oppgitt for &#8216;Store bokstaver&#8217;. For &#8216;sm\u00e5&#8217;, legg til 32, med unntak av \u0401 (&amp;#1025;) som har &#8216;liten&#8217; p\u00e5 &amp;#1105.<\/p>\n<h2>Eksempler<\/h2>\n<p>\u041c\u043e\u0441\u043a\u0432\u0430 : Moskva (Helt korrekt uttale mer mot &#8216;Maskva&#8217; med trykk p\u00e5 siste stavelse)<br \/>\n\u0412\u043e\u0434\u043a\u0430 : Vodka<br \/>\n\u041c\u0443\u0440\u043c\u0430\u043d\u0441\u043a : Murmansk<br \/>\n\u0427\u0435\u0447\u043d\u044f : Tsjetsjenja<br \/>\n\u0410\u044d\u0440\u043e\u0444\u043b\u043e\u0442 : Aeroflot (Ville blitt Ajeroflot med en &#8216;vanlig&#8217; e)<br \/>\n\u0416\u0438\u043f : Jeep (Sett p\u00e5 bilforetning i St. Petersburg. Utenlandske ord transkriberes (selvf\u00f8lgelig) lydrett)<br \/>\n\u043c\u0435\u0431\u0435\u043b\u044c : M\u00f8bel (\u044c-en til slutt gj\u00f8r at l-en uttales omtrent palatalisert)<\/p>\n","protected":false},"excerpt":{"rendered":"<p>De fleste som kommer for f\u00f8rste gang til Russland (eller et annet land med et annet alfabet), f\u00e5r en f\u00f8lelse av et akutt anfall av analfabetisme, men oppbyggingen av det kyrilliske alfabetet er temmelig lik v\u00e5rt eget, og med litt &hellip; <a href=\"http:\/\/sickel.net\/blogg\/?page_id=1233\">Continue reading <span class=\"meta-nav\">&rarr;<\/span><\/a><\/p>\n","protected":false},"author":2,"featured_media":0,"parent":769,"menu_order":0,"comment_status":"open","ping_status":"open","template":"","meta":{"jetpack_post_was_ever_published":false,"footnotes":""},"class_list":["post-1233","page","type-page","status-publish","hentry"],"jetpack_shortlink":"https:\/\/wp.me\/PnVtD-jT","jetpack_sharing_enabled":true,"jetpack_likes_enabled":true,"jetpack-related-posts":[],"_links":{"self":[{"href":"http:\/\/sickel.net\/blogg\/index.php?rest_route=\/wp\/v2\/pages\/1233","targetHints":{"allow":["GET"]}}],"collection":[{"href":"http:\/\/sickel.net\/blogg\/index.php?rest_route=\/wp\/v2\/pages"}],"about":[{"href":"http:\/\/sickel.net\/blogg\/index.php?rest_route=\/wp\/v2\/types\/page"}],"author":[{"embeddable":true,"href":"http:\/\/sickel.net\/blogg\/index.php?rest_route=\/wp\/v2\/users\/2"}],"replies":[{"embeddable":true,"href":"http:\/\/sickel.net\/blogg\/index.php?rest_route=%2Fwp%2Fv2%2Fcomments&post=1233"}],"version-history":[{"count":14,"href":"http:\/\/sickel.net\/blogg\/index.php?rest_route=\/wp\/v2\/pages\/1233\/revisions"}],"predecessor-version":[{"id":1237,"href":"http:\/\/sickel.net\/blogg\/index.php?rest_route=\/wp\/v2\/pages\/1233\/revisions\/1237"}],"up":[{"embeddable":true,"href":"http:\/\/sickel.net\/blogg\/index.php?rest_route=\/wp\/v2\/pages\/769"}],"wp:attachment":[{"href":"http:\/\/sickel.net\/blogg\/index.php?rest_route=%2Fwp%2Fv2%2Fmedia&parent=1233"}],"curies":[{"name":"wp","href":"https:\/\/api.w.org\/{rel}","templated":true}]}}