{"id":115,"date":"2007-04-09T12:31:14","date_gmt":"2007-04-09T11:31:14","guid":{"rendered":"http:\/\/sickel.net\/blogg\/?page_id=115"},"modified":"2011-04-17T14:54:34","modified_gmt":"2011-04-17T12:54:34","slug":"sorte-katt-studio","status":"publish","type":"page","link":"http:\/\/sickel.net\/blogg\/?page_id=115","title":{"rendered":"Sorte Katt Studio"},"content":{"rendered":"<p>Prosjektstudio for \u00e5 leke seg litt med musikk. Ogs\u00e5 kjent under navnet Drawback studio.<\/p>\n<h2>Februar 2011<\/h2>\n<p>Oppgradert til 8 kanalers lydkort. Opptak med <a href=\"http:\/\/www.myspace.com\/fleamarketband\">Flea Market<\/a><br \/>\n<img decoding=\"async\" src=\"https:\/\/lh4.googleusercontent.com\/_ZUDcm_rgy6c\/TU6yDFFlS5I\/AAAAAAAAB20\/yajQx4zSsJ4\/s576\/IMGP0020.JPG\" \/><\/p>\n<p>Forh\u00e5pentligvis kan noe av musikken derifra legges ut etterhvert.<\/p>\n<h3>April 2007<\/h3>\n<p>Tok opp en <a href=\"\/misc\/Fritidsordningen.cover.april2007.pdf\">demo<\/a> for <a href=\"http:\/\/home.c2i.net\/krokvollen\/fo.html\">Fritidsordningen<\/a> 4. april 2007. Blant annet med <a href=\"http:\/\/home.c2i.net\/krokvollen\/bo.mp3\">Black Orfeus.<\/a><\/p>\n<p>Liveopptak med fritidsordningen med diverse gjesteartister p\u00e5 Det Gamle Bageri i Dr\u00f8bak 2.november 2007. <\/p>\n<p><img decoding=\"async\" src=\"\/bilder\/FO071102.jpg\"\/ alt=\"Det gamle bageri i Dr\u00f8bak\"\/><\/p>\n<p><img decoding=\"async\" src=\"\/bilder\/FO071102_pc.jpg\"\/><\/p>\n","protected":false},"excerpt":{"rendered":"<p>Prosjektstudio for \u00e5 leke seg litt med musikk. Ogs\u00e5 kjent under navnet Drawback studio. Februar 2011 Oppgradert til 8 kanalers lydkort. Opptak med Flea Market Forh\u00e5pentligvis kan noe av musikken derifra legges ut etterhvert. April 2007 Tok opp en demo &hellip; <a href=\"http:\/\/sickel.net\/blogg\/?page_id=115\">Continue reading <span class=\"meta-nav\">&rarr;<\/span><\/a><\/p>\n","protected":false},"author":2,"featured_media":0,"parent":763,"menu_order":0,"comment_status":"open","ping_status":"open","template":"","meta":{"jetpack_post_was_ever_published":false,"footnotes":""},"class_list":["post-115","page","type-page","status-publish","hentry"],"jetpack_shortlink":"https:\/\/wp.me\/PnVtD-1R","jetpack_sharing_enabled":true,"jetpack_likes_enabled":true,"jetpack-related-posts":[],"_links":{"self":[{"href":"http:\/\/sickel.net\/blogg\/index.php?rest_route=\/wp\/v2\/pages\/115","targetHints":{"allow":["GET"]}}],"collection":[{"href":"http:\/\/sickel.net\/blogg\/index.php?rest_route=\/wp\/v2\/pages"}],"about":[{"href":"http:\/\/sickel.net\/blogg\/index.php?rest_route=\/wp\/v2\/types\/page"}],"author":[{"embeddable":true,"href":"http:\/\/sickel.net\/blogg\/index.php?rest_route=\/wp\/v2\/users\/2"}],"replies":[{"embeddable":true,"href":"http:\/\/sickel.net\/blogg\/index.php?rest_route=%2Fwp%2Fv2%2Fcomments&post=115"}],"version-history":[{"count":10,"href":"http:\/\/sickel.net\/blogg\/index.php?rest_route=\/wp\/v2\/pages\/115\/revisions"}],"predecessor-version":[{"id":998,"href":"http:\/\/sickel.net\/blogg\/index.php?rest_route=\/wp\/v2\/pages\/115\/revisions\/998"}],"up":[{"embeddable":true,"href":"http:\/\/sickel.net\/blogg\/index.php?rest_route=\/wp\/v2\/pages\/763"}],"wp:attachment":[{"href":"http:\/\/sickel.net\/blogg\/index.php?rest_route=%2Fwp%2Fv2%2Fmedia&parent=115"}],"curies":[{"name":"wp","href":"https:\/\/api.w.org\/{rel}","templated":true}]}}